{"id":1909,"date":"2019-10-11T12:40:35","date_gmt":"2019-10-11T16:40:35","guid":{"rendered":"https:\/\/bravad.ca\/services\/"},"modified":"2019-10-11T12:40:35","modified_gmt":"2019-10-11T16:40:35","slug":"services","status":"publish","type":"page","link":"https:\/\/bravad.ca\/en\/services\/","title":{"rendered":"Services"},"content":{"rendered":"","protected":false},"excerpt":{"rendered":"","protected":false},"author":1,"featured_media":0,"parent":0,"menu_order":1,"comment_status":"closed","ping_status":"closed","template":"templates\/tpl-services.php","meta":{"_acf_changed":false,"footnotes":""},"class_list":["post-1909","page","type-page","status-publish","hentry"],"acf":[],"yoast_head":"<!-- This site is optimized with the Yoast SEO plugin v26.0 - https:\/\/yoast.com\/wordpress\/plugins\/seo\/ -->\n<title>Services - Bravad<\/title>\n<meta name=\"description\" content=\"Bravad c\u2019est une force pour r\u00e9pondre \u00e0 tous vos besoins technologiques. Agence web, mobilit\u00e9, t\u00e9l\u00e9communications, d\u00e9couvrez comment acc\u00e9l\u00e9rer votre succ\u00e8s!\" \/>\n<meta name=\"robots\" content=\"index, follow, max-snippet:-1, max-image-preview:large, max-video-preview:-1\" \/>\n<link rel=\"canonical\" href=\"https:\/\/bravad.ca\/en\/services\/\" \/>\n<meta property=\"og:locale\" content=\"en_US\" \/>\n<meta property=\"og:type\" content=\"article\" \/>\n<meta property=\"og:title\" content=\"Services - Bravad\" \/>\n<meta property=\"og:description\" content=\"Bravad c\u2019est une force pour r\u00e9pondre \u00e0 tous vos besoins technologiques. Agence web, mobilit\u00e9, t\u00e9l\u00e9communications, d\u00e9couvrez comment acc\u00e9l\u00e9rer votre succ\u00e8s!\" \/>\n<meta property=\"og:url\" content=\"https:\/\/bravad.ca\/en\/services\/\" \/>\n<meta property=\"og:site_name\" content=\"Bravad\" \/>\n<meta name=\"twitter:card\" content=\"summary_large_image\" \/>\n<script type=\"application\/ld+json\" class=\"yoast-schema-graph\">{\"@context\":\"https:\/\/schema.org\",\"@graph\":[{\"@type\":\"WebPage\",\"@id\":\"https:\/\/bravad.ca\/en\/services\/\",\"url\":\"https:\/\/bravad.ca\/en\/services\/\",\"name\":\"Services - Bravad\",\"isPartOf\":{\"@id\":\"https:\/\/bravad.ca\/en\/#website\"},\"datePublished\":\"2019-10-11T16:40:35+00:00\",\"description\":\"Bravad c\u2019est une force pour r\u00e9pondre \u00e0 tous vos besoins technologiques. Agence web, mobilit\u00e9, t\u00e9l\u00e9communications, d\u00e9couvrez comment acc\u00e9l\u00e9rer votre succ\u00e8s!\",\"inLanguage\":\"en-US\",\"potentialAction\":[{\"@type\":\"ReadAction\",\"target\":[\"https:\/\/bravad.ca\/en\/services\/\"]}]},{\"@type\":\"WebSite\",\"@id\":\"https:\/\/bravad.ca\/en\/#website\",\"url\":\"https:\/\/bravad.ca\/en\/\",\"name\":\"Bravad\",\"description\":\"\",\"potentialAction\":[{\"@type\":\"SearchAction\",\"target\":{\"@type\":\"EntryPoint\",\"urlTemplate\":\"https:\/\/bravad.ca\/en\/?s={search_term_string}\"},\"query-input\":{\"@type\":\"PropertyValueSpecification\",\"valueRequired\":true,\"valueName\":\"search_term_string\"}}],\"inLanguage\":\"en-US\"}]}<\/script>\n<!-- \/ Yoast SEO plugin. -->","yoast_head_json":{"title":"Services - Bravad","description":"Bravad c\u2019est une force pour r\u00e9pondre \u00e0 tous vos besoins technologiques. Agence web, mobilit\u00e9, t\u00e9l\u00e9communications, d\u00e9couvrez comment acc\u00e9l\u00e9rer votre succ\u00e8s!","robots":{"index":"index","follow":"follow","max-snippet":"max-snippet:-1","max-image-preview":"max-image-preview:large","max-video-preview":"max-video-preview:-1"},"canonical":"https:\/\/bravad.ca\/en\/services\/","og_locale":"en_US","og_type":"article","og_title":"Services - Bravad","og_description":"Bravad c\u2019est une force pour r\u00e9pondre \u00e0 tous vos besoins technologiques. Agence web, mobilit\u00e9, t\u00e9l\u00e9communications, d\u00e9couvrez comment acc\u00e9l\u00e9rer votre succ\u00e8s!","og_url":"https:\/\/bravad.ca\/en\/services\/","og_site_name":"Bravad","twitter_card":"summary_large_image","schema":{"@context":"https:\/\/schema.org","@graph":[{"@type":"WebPage","@id":"https:\/\/bravad.ca\/en\/services\/","url":"https:\/\/bravad.ca\/en\/services\/","name":"Services - Bravad","isPartOf":{"@id":"https:\/\/bravad.ca\/en\/#website"},"datePublished":"2019-10-11T16:40:35+00:00","description":"Bravad c\u2019est une force pour r\u00e9pondre \u00e0 tous vos besoins technologiques. Agence web, mobilit\u00e9, t\u00e9l\u00e9communications, d\u00e9couvrez comment acc\u00e9l\u00e9rer votre succ\u00e8s!","inLanguage":"en-US","potentialAction":[{"@type":"ReadAction","target":["https:\/\/bravad.ca\/en\/services\/"]}]},{"@type":"WebSite","@id":"https:\/\/bravad.ca\/en\/#website","url":"https:\/\/bravad.ca\/en\/","name":"Bravad","description":"","potentialAction":[{"@type":"SearchAction","target":{"@type":"EntryPoint","urlTemplate":"https:\/\/bravad.ca\/en\/?s={search_term_string}"},"query-input":{"@type":"PropertyValueSpecification","valueRequired":true,"valueName":"search_term_string"}}],"inLanguage":"en-US"}]}},"_links":{"self":[{"href":"https:\/\/bravad.ca\/en\/wp-json\/wp\/v2\/pages\/1909","targetHints":{"allow":["GET"]}}],"collection":[{"href":"https:\/\/bravad.ca\/en\/wp-json\/wp\/v2\/pages"}],"about":[{"href":"https:\/\/bravad.ca\/en\/wp-json\/wp\/v2\/types\/page"}],"author":[{"embeddable":true,"href":"https:\/\/bravad.ca\/en\/wp-json\/wp\/v2\/users\/1"}],"replies":[{"embeddable":true,"href":"https:\/\/bravad.ca\/en\/wp-json\/wp\/v2\/comments?post=1909"}],"version-history":[{"count":0,"href":"https:\/\/bravad.ca\/en\/wp-json\/wp\/v2\/pages\/1909\/revisions"}],"wp:attachment":[{"href":"https:\/\/bravad.ca\/en\/wp-json\/wp\/v2\/media?parent=1909"}],"curies":[{"name":"wp","href":"https:\/\/api.w.org\/{rel}","templated":true}]}}